{"id":793,"date":"2021-10-19T15:12:36","date_gmt":"2021-10-19T13:12:36","guid":{"rendered":"https:\/\/kmu-buergschaften.ch\/impressum\/"},"modified":"2021-10-20T16:42:34","modified_gmt":"2021-10-20T14:42:34","slug":"mentions-legales","status":"publish","type":"page","link":"https:\/\/kmu-buergschaften.ch\/fr\/mentions-legales\/","title":{"rendered":"Mentions l\u00e9gales"},"content":{"rendered":"<p><span data-contrast=\"auto\">B\u00fcrgschafts-Support\u202fAG<br \/>\n<\/span><span data-contrast=\"auto\">c\/o Cautionnement romand<br \/>\n<\/span><span data-contrast=\"auto\">Av. Louis-Ruchonnet\u202f16<\/span><span data-ccp-props=\"{&quot;201341983&quot;:0,&quot;335559739&quot;:160,&quot;335559740&quot;:240}\"><br \/>\n<\/span><span data-contrast=\"auto\">1003\u202fLausanne<\/span><span data-ccp-props=\"{&quot;201341983&quot;:0,&quot;335559739&quot;:160,&quot;335559740&quot;:240}\">\u00a0<\/span><span data-ccp-props=\"{&quot;201341983&quot;:0,&quot;335559739&quot;:160,&quot;335559740&quot;:240}\">\u00a0<\/span><\/p>\n<p><span data-contrast=\"auto\">E-mail:\u00a0<a href=\"mailto:kontakt@buergschafts-support.ch\">kontakt@buergschafts-support.ch<\/a><\/span><span data-ccp-props=\"{&quot;201341983&quot;:0,&quot;335559739&quot;:160,&quot;335559740&quot;:240}\"><br \/>\n<\/span><span data-contrast=\"auto\">T\u00e9l\u00e9phone:\u00a0+41 58 255 05 50<\/span><span data-ccp-props=\"{&quot;201341983&quot;:0,&quot;335559739&quot;:160,&quot;335559740&quot;:240}\">\u00a0<\/span><\/p>\n<p><span data-contrast=\"auto\">Conception et\u00a0design:\u00a0Farner Consulting\u202fSA<br \/>\n<\/span><span data-contrast=\"auto\">R\u00e9alisation:\u00a0Farner Consulting\u202fSA<\/span><span data-ccp-props=\"{&quot;201341983&quot;:0,&quot;335559739&quot;:160,&quot;335559740&quot;:240}\">\u00a0<\/span><\/p>\n<h3>Conditions d\u2019utilisation<\/h3>\n<p><b><span data-contrast=\"auto\">Copyright<\/span><\/b><span data-ccp-props=\"{&quot;201341983&quot;:0,&quot;335559739&quot;:160,&quot;335559740&quot;:240}\">\u00a0<\/span><\/p>\n<p><span data-contrast=\"auto\">Le copyright de tous les contenus de ce site Internet est d\u00e9tenu par\u00a0B\u00fcrgschafts-Support\u202fAG ou l\u2019une des quatre coop\u00e9ratives de\u00a0cautionnement:\u00a0Cautionnement romand, CC\u202fCentre, CF\u202fSUD et CC\u202fSAFFA. Il est interdit d\u2019utiliser les contenus (en particulier les images et les graphiques) sans l\u2019accord pr\u00e9alable de\u00a0B\u00fcrgschafts-Support\u202fAG.<\/span><span data-ccp-props=\"{&quot;201341983&quot;:0,&quot;335559739&quot;:160,&quot;335559740&quot;:240}\">\u00a0<\/span><\/p>\n<p><b><span data-contrast=\"auto\">Avis de non-responsabilit\u00e9<\/span><\/b><span data-ccp-props=\"{&quot;201341983&quot;:0,&quot;335559739&quot;:160,&quot;335559740&quot;:240}\">\u00a0<\/span><\/p>\n<p><span data-contrast=\"auto\">Tous les textes et les liens ont \u00e9t\u00e9 minutieusement v\u00e9rifi\u00e9s et sont r\u00e9guli\u00e8rement mis \u00e0 jour. Nous nous effor\u00e7ons de fournir des informations correctes et compl\u00e8tes sur ce site Internet, mais nous n\u2019assumons aucune responsabilit\u00e9, aucune garantie ou aucun engagement quelconque quant \u00e0 l\u2019exactitude, \u00e0 l\u2019exhaustivit\u00e9 ou \u00e0 l\u2019actualit\u00e9 des informations fournies par ce site Internet. Nous nous r\u00e9servons le droit de modifier \u00e0 tout moment et sans pr\u00e9avis les informations contenues sur ce site Internet et ne sommes pas tenus de mettre \u00e0 jour les informations qui y figurent.<\/span><span data-ccp-props=\"{&quot;201341983&quot;:0,&quot;335559739&quot;:160,&quot;335559740&quot;:240}\">\u00a0<\/span><\/p>\n<p><span data-contrast=\"auto\">Tous les liens vers des fournisseurs externes ont \u00e9t\u00e9 v\u00e9rifi\u00e9s au moment de leur mise en place, mais nous ne sommes pas responsables du contenu et de la disponibilit\u00e9 des sites Internet accessibles par des liens hypertextes. Seul le fournisseur de la page \u00e0 laquelle le lien renvoie est responsable des contenus ill\u00e9gaux, erron\u00e9s ou incomplets et en particulier des dommages caus\u00e9s par les contenus des pages li\u00e9es. Il importe peu que le dommage soit de nature directe, indirecte ou financi\u00e8re ou qu\u2019il y ait un autre dommage qui pourrait r\u00e9sulter d\u2019une perte de donn\u00e9es, d\u2019une perte d\u2019usage ou d\u2019autres raisons de quelque nature que ce soit.<\/span><span data-ccp-props=\"{&quot;201341983&quot;:0,&quot;335559739&quot;:160,&quot;335559740&quot;:240}\">\u00a0<\/span><\/p>\n<p><span data-contrast=\"auto\"><strong>Droit applicable, for<\/strong><br \/>\n<\/span><span data-contrast=\"auto\">Seul le droit suisse est applicable aux pr\u00e9sentes conditions d\u2019utilisation. Le for exclusif est\u00a0Lausanne.<\/span><span data-ccp-props=\"{&quot;201341983&quot;:0,&quot;335559739&quot;:160,&quot;335559740&quot;:240}\">\u00a0<\/span><\/p>\n","protected":false},"excerpt":{"rendered":"<p>B\u00fcrgschafts-Support\u202fAG c\/o Cautionnement romand Av. Louis-Ruchonnet\u202f16 1003\u202fLausanne\u00a0\u00a0 E-mail:\u00a0kontakt@buergschafts-support.ch T\u00e9l\u00e9phone:\u00a0+41 58 255 05 50\u00a0 Conception et\u00a0design:\u00a0Farner Consulting\u202fSA R\u00e9alisation:\u00a0Farner Consulting\u202fSA\u00a0 Conditions d\u2019utilisation Copyright\u00a0 Le copyright de tous les contenus de ce site Internet est d\u00e9tenu par\u00a0B\u00fcrgschafts-Support\u202fAG ou l\u2019une des quatre coop\u00e9ratives de\u00a0cautionnement:\u00a0Cautionnement romand, CC\u202fCentre, CF\u202fSUD et CC\u202fSAFFA. Il est interdit d\u2019utiliser les contenus (en particulier les images [&hellip;]<\/p>\n","protected":false},"author":1,"featured_media":0,"parent":0,"menu_order":0,"comment_status":"closed","ping_status":"closed","template":"","meta":{"_acf_changed":false,"footnotes":""},"class_list":["post-793","page","type-page","status-publish","hentry"],"acf":[],"yoast_head":"<!-- This site is optimized with the Yoast SEO plugin v23.3 - https:\/\/yoast.com\/wordpress\/plugins\/seo\/ -->\n<title>Mentions l\u00e9gales - KMU B\u00fcrgschaften<\/title>\n<meta name=\"robots\" content=\"index, follow, max-snippet:-1, max-image-preview:large, max-video-preview:-1\" \/>\n<link rel=\"canonical\" href=\"https:\/\/kmu-buergschaften.ch\/impressum\/\" \/>\n<meta property=\"og:locale\" content=\"fr_FR\" \/>\n<meta property=\"og:type\" content=\"article\" \/>\n<meta property=\"og:title\" content=\"Mentions l\u00e9gales - KMU B\u00fcrgschaften\" \/>\n<meta property=\"og:description\" content=\"B\u00fcrgschafts-Support\u202fAG c\/o Cautionnement romand Av. Louis-Ruchonnet\u202f16 1003\u202fLausanne\u00a0\u00a0 E-mail:\u00a0kontakt@buergschafts-support.ch T\u00e9l\u00e9phone:\u00a0+41 58 255 05 50\u00a0 Conception et\u00a0design:\u00a0Farner Consulting\u202fSA R\u00e9alisation:\u00a0Farner Consulting\u202fSA\u00a0 Conditions d\u2019utilisation Copyright\u00a0 Le copyright de tous les contenus de ce site Internet est d\u00e9tenu par\u00a0B\u00fcrgschafts-Support\u202fAG ou l\u2019une des quatre coop\u00e9ratives de\u00a0cautionnement:\u00a0Cautionnement romand, CC\u202fCentre, CF\u202fSUD et CC\u202fSAFFA. Il est interdit d\u2019utiliser les contenus (en particulier les images [&hellip;]\" \/>\n<meta property=\"og:url\" content=\"https:\/\/kmu-buergschaften.ch\/impressum\/\" \/>\n<meta property=\"og:site_name\" content=\"KMU B\u00fcrgschaften\" \/>\n<meta property=\"article:modified_time\" content=\"2021-10-20T14:42:34+00:00\" \/>\n<meta name=\"twitter:card\" content=\"summary_large_image\" \/>\n<meta name=\"twitter:label1\" content=\"Dur\u00e9e de lecture estim\u00e9e\" \/>\n\t<meta name=\"twitter:data1\" content=\"2 minutes\" \/>\n<script type=\"application\/ld+json\" class=\"yoast-schema-graph\">{\"@context\":\"https:\/\/schema.org\",\"@graph\":[{\"@type\":\"WebPage\",\"@id\":\"https:\/\/kmu-buergschaften.ch\/impressum\/\",\"url\":\"https:\/\/kmu-buergschaften.ch\/impressum\/\",\"name\":\"Mentions l\u00e9gales - KMU B\u00fcrgschaften\",\"isPartOf\":{\"@id\":\"https:\/\/kmu-buergschaften.ch\/#website\"},\"datePublished\":\"2021-10-19T13:12:36+00:00\",\"dateModified\":\"2021-10-20T14:42:34+00:00\",\"breadcrumb\":{\"@id\":\"https:\/\/kmu-buergschaften.ch\/impressum\/#breadcrumb\"},\"inLanguage\":\"fr-FR\",\"potentialAction\":[{\"@type\":\"ReadAction\",\"target\":[\"https:\/\/kmu-buergschaften.ch\/impressum\/\"]}]},{\"@type\":\"BreadcrumbList\",\"@id\":\"https:\/\/kmu-buergschaften.ch\/impressum\/#breadcrumb\",\"itemListElement\":[{\"@type\":\"ListItem\",\"position\":1,\"name\":\"Home\",\"item\":\"https:\/\/kmu-buergschaften.ch\/fr\/\"},{\"@type\":\"ListItem\",\"position\":2,\"name\":\"Mentions l\u00e9gales\"}]},{\"@type\":\"WebSite\",\"@id\":\"https:\/\/kmu-buergschaften.ch\/#website\",\"url\":\"https:\/\/kmu-buergschaften.ch\/\",\"name\":\"KMU B\u00fcrgschaften\",\"description\":\"\",\"potentialAction\":[{\"@type\":\"SearchAction\",\"target\":{\"@type\":\"EntryPoint\",\"urlTemplate\":\"https:\/\/kmu-buergschaften.ch\/?s={search_term_string}\"},\"query-input\":\"required name=search_term_string\"}],\"inLanguage\":\"fr-FR\"}]}<\/script>\n<!-- \/ Yoast SEO plugin. -->","yoast_head_json":{"title":"Mentions l\u00e9gales - KMU B\u00fcrgschaften","robots":{"index":"index","follow":"follow","max-snippet":"max-snippet:-1","max-image-preview":"max-image-preview:large","max-video-preview":"max-video-preview:-1"},"canonical":"https:\/\/kmu-buergschaften.ch\/impressum\/","og_locale":"fr_FR","og_type":"article","og_title":"Mentions l\u00e9gales - KMU B\u00fcrgschaften","og_description":"B\u00fcrgschafts-Support\u202fAG c\/o Cautionnement romand Av. Louis-Ruchonnet\u202f16 1003\u202fLausanne\u00a0\u00a0 E-mail:\u00a0kontakt@buergschafts-support.ch T\u00e9l\u00e9phone:\u00a0+41 58 255 05 50\u00a0 Conception et\u00a0design:\u00a0Farner Consulting\u202fSA R\u00e9alisation:\u00a0Farner Consulting\u202fSA\u00a0 Conditions d\u2019utilisation Copyright\u00a0 Le copyright de tous les contenus de ce site Internet est d\u00e9tenu par\u00a0B\u00fcrgschafts-Support\u202fAG ou l\u2019une des quatre coop\u00e9ratives de\u00a0cautionnement:\u00a0Cautionnement romand, CC\u202fCentre, CF\u202fSUD et CC\u202fSAFFA. Il est interdit d\u2019utiliser les contenus (en particulier les images [&hellip;]","og_url":"https:\/\/kmu-buergschaften.ch\/impressum\/","og_site_name":"KMU B\u00fcrgschaften","article_modified_time":"2021-10-20T14:42:34+00:00","twitter_card":"summary_large_image","twitter_misc":{"Dur\u00e9e de lecture estim\u00e9e":"2 minutes"},"schema":{"@context":"https:\/\/schema.org","@graph":[{"@type":"WebPage","@id":"https:\/\/kmu-buergschaften.ch\/impressum\/","url":"https:\/\/kmu-buergschaften.ch\/impressum\/","name":"Mentions l\u00e9gales - KMU B\u00fcrgschaften","isPartOf":{"@id":"https:\/\/kmu-buergschaften.ch\/#website"},"datePublished":"2021-10-19T13:12:36+00:00","dateModified":"2021-10-20T14:42:34+00:00","breadcrumb":{"@id":"https:\/\/kmu-buergschaften.ch\/impressum\/#breadcrumb"},"inLanguage":"fr-FR","potentialAction":[{"@type":"ReadAction","target":["https:\/\/kmu-buergschaften.ch\/impressum\/"]}]},{"@type":"BreadcrumbList","@id":"https:\/\/kmu-buergschaften.ch\/impressum\/#breadcrumb","itemListElement":[{"@type":"ListItem","position":1,"name":"Home","item":"https:\/\/kmu-buergschaften.ch\/fr\/"},{"@type":"ListItem","position":2,"name":"Mentions l\u00e9gales"}]},{"@type":"WebSite","@id":"https:\/\/kmu-buergschaften.ch\/#website","url":"https:\/\/kmu-buergschaften.ch\/","name":"KMU B\u00fcrgschaften","description":"","potentialAction":[{"@type":"SearchAction","target":{"@type":"EntryPoint","urlTemplate":"https:\/\/kmu-buergschaften.ch\/?s={search_term_string}"},"query-input":"required name=search_term_string"}],"inLanguage":"fr-FR"}]}},"_links":{"self":[{"href":"https:\/\/kmu-buergschaften.ch\/fr\/wp-json\/wp\/v2\/pages\/793"}],"collection":[{"href":"https:\/\/kmu-buergschaften.ch\/fr\/wp-json\/wp\/v2\/pages"}],"about":[{"href":"https:\/\/kmu-buergschaften.ch\/fr\/wp-json\/wp\/v2\/types\/page"}],"author":[{"embeddable":true,"href":"https:\/\/kmu-buergschaften.ch\/fr\/wp-json\/wp\/v2\/users\/1"}],"replies":[{"embeddable":true,"href":"https:\/\/kmu-buergschaften.ch\/fr\/wp-json\/wp\/v2\/comments?post=793"}],"version-history":[{"count":3,"href":"https:\/\/kmu-buergschaften.ch\/fr\/wp-json\/wp\/v2\/pages\/793\/revisions"}],"predecessor-version":[{"id":805,"href":"https:\/\/kmu-buergschaften.ch\/fr\/wp-json\/wp\/v2\/pages\/793\/revisions\/805"}],"wp:attachment":[{"href":"https:\/\/kmu-buergschaften.ch\/fr\/wp-json\/wp\/v2\/media?parent=793"}],"curies":[{"name":"wp","href":"https:\/\/api.w.org\/{rel}","templated":true}]}}