{"id":796,"date":"2021-10-19T15:12:36","date_gmt":"2021-10-19T13:12:36","guid":{"rendered":"https:\/\/kmu-buergschaften.ch\/mentions-legales\/"},"modified":"2021-10-20T16:42:54","modified_gmt":"2021-10-20T14:42:54","slug":"impressum","status":"publish","type":"page","link":"https:\/\/kmu-buergschaften.ch\/it\/impressum\/","title":{"rendered":"Impressum"},"content":{"rendered":"<p><span data-contrast=\"auto\">B\u00fcrgschafts-Support AG<\/span><span data-ccp-props=\"{&quot;201341983&quot;:0,&quot;335559739&quot;:160,&quot;335559740&quot;:240}\"><br \/>\n<\/span><span data-contrast=\"auto\">c\/o Cautionnement romand<\/span><span data-ccp-props=\"{&quot;201341983&quot;:0,&quot;335559739&quot;:160,&quot;335559740&quot;:240}\"><br \/>\n<\/span><span data-contrast=\"auto\">Av. Louis-Ruchonnet 16<\/span><span data-ccp-props=\"{&quot;201341983&quot;:0,&quot;335559739&quot;:160,&quot;335559740&quot;:240}\"><br \/>\n<\/span><span data-contrast=\"auto\">1003 Losanna<\/span><span data-ccp-props=\"{&quot;201341983&quot;:0,&quot;335559739&quot;:160,&quot;335559740&quot;:240}\">\u00a0<\/span><\/p>\n<p><span data-contrast=\"auto\">E-mail: <a href=\"mailto:kontakt@buergschafts-support.ch\">kontakt@buergschafts-support.ch<\/a><\/span><span data-ccp-props=\"{&quot;201341983&quot;:0,&quot;335559739&quot;:160,&quot;335559740&quot;:240}\"><br \/>\n<\/span><span data-contrast=\"auto\">Telefono: +41 (0) 58 255 05 50<\/span><span data-ccp-props=\"{&quot;201341983&quot;:0,&quot;335559739&quot;:160,&quot;335559740&quot;:240}\">\u00a0<\/span><\/p>\n<p><span data-contrast=\"auto\">Ideazione e design: Farner Consulting AG<\/span><span data-ccp-props=\"{&quot;201341983&quot;:0,&quot;335559739&quot;:160,&quot;335559740&quot;:240}\"><br \/>\n<\/span><span data-contrast=\"auto\">Realizzazione: Farner Consulting AG<\/span><span data-ccp-props=\"{&quot;201341983&quot;:0,&quot;335559739&quot;:160,&quot;335559740&quot;:240}\">\u00a0<\/span><\/p>\n<h3>Condizioni di utilizzo<\/h3>\n<p><b><span data-contrast=\"auto\">Copyright<\/span><\/b><span data-ccp-props=\"{&quot;201341983&quot;:0,&quot;335559739&quot;:160,&quot;335559740&quot;:240}\">\u00a0<\/span><\/p>\n<p><span data-contrast=\"auto\">Il copyright di tutti i contenuti del presente sito web \u00e8 di propriet\u00e0 di\u00a0B\u00fcrgschaftSupport\u202fAG o di una delle quattro cooperative di fideiussione\u00a0Cautionnement\u202fromand, BG\u202fMitte, BG\u202fOst\u00a0e BG\u202fSAFFA. \u00c8 vietato l\u2019utilizzo dei contenuti (in particolare immagini e grafiche) senza previo accordo con\u00a0B\u00fcrgschaft-Support AG.<\/span><span data-ccp-props=\"{&quot;201341983&quot;:0,&quot;335559739&quot;:160,&quot;335559740&quot;:240}\">\u00a0<\/span><\/p>\n<p><b><span data-contrast=\"auto\">Disclaimer<\/span><\/b><span data-ccp-props=\"{&quot;201341983&quot;:0,&quot;335559739&quot;:160,&quot;335559740&quot;:240}\">\u00a0<\/span><\/p>\n<p><span data-contrast=\"auto\">Tutti i testi e i link sono stati accuratamente verificati e vengono costantemente aggiornati. Ci impegniamo al fine di fornire informazioni accurate e complete su questo sito web, decliniamo tuttavia ogni responsabilit\u00e0 e non assumiamo nessuna garanzia o responsabilit\u00e0 in merito alla veridicit\u00e0, esaustivit\u00e0 o attualit\u00e0 delle informazioni ivi pubblicate. Ci riserviamo il diritto di modificare le informazioni su questo sito web in qualsiasi momento e senza preavviso, e non siamo tenuti ad aggiornare le informazioni in esso contenute.<\/span><span data-ccp-props=\"{&quot;201341983&quot;:0,&quot;335559739&quot;:160,&quot;335559740&quot;:240}\">\u00a0<\/span><\/p>\n<p><span data-contrast=\"auto\">L\u2019accuratezza di tutti i link a provider esterni sono stati verificati al momento del loro inserimento, decliniamo tuttavia la responsabilit\u00e0 in merito a contenuti e disponibilit\u00e0 dei siti web che possono essere raggiunti tramite collegamenti ipertestuali. Per i contenuti illegali, errati o incompleti e in particolare per i danni derivanti dal contenuto delle pagine collegate \u00e8 responsabile solo il provider della pagina di destinazione. \u00c8 irrilevante se il danno sia di natura diretta, indiretta o finanziaria o se vi sia qualsiasi altro danno potenzialmente derivante da perdita di dati, mancato godimento o altre ragioni di qualsiasi tipo.<\/span><span data-ccp-props=\"{&quot;201341983&quot;:0,&quot;335559739&quot;:160,&quot;335559740&quot;:240}\">\u00a0<\/span><\/p>\n<p><span data-contrast=\"auto\"><strong>Legge applicabile, foro di competenza<\/strong><br \/>\n<\/span><span data-contrast=\"auto\">Queste condizioni di utilizzo sono regolate esclusivamente dalla legge svizzera. Il foro di competenza esclusivo \u00e8\u00a0Losanna.<\/span><span data-ccp-props=\"{&quot;201341983&quot;:0,&quot;335559739&quot;:160,&quot;335559740&quot;:240}\">\u00a0<\/span><\/p>\n","protected":false},"excerpt":{"rendered":"<p>B\u00fcrgschafts-Support AG c\/o Cautionnement romand Av. Louis-Ruchonnet 16 1003 Losanna\u00a0 E-mail: kontakt@buergschafts-support.ch Telefono: +41 (0) 58 255 05 50\u00a0 Ideazione e design: Farner Consulting AG Realizzazione: Farner Consulting AG\u00a0 Condizioni di utilizzo Copyright\u00a0 Il copyright di tutti i contenuti del presente sito web \u00e8 di propriet\u00e0 di\u00a0B\u00fcrgschaftSupport\u202fAG o di una delle quattro cooperative di fideiussione\u00a0Cautionnement\u202fromand, [&hellip;]<\/p>\n","protected":false},"author":1,"featured_media":0,"parent":0,"menu_order":0,"comment_status":"closed","ping_status":"closed","template":"","meta":{"_acf_changed":false,"footnotes":""},"class_list":["post-796","page","type-page","status-publish","hentry"],"acf":[],"yoast_head":"<!-- This site is optimized with the Yoast SEO plugin v23.3 - https:\/\/yoast.com\/wordpress\/plugins\/seo\/ -->\n<title>Impressum - KMU B\u00fcrgschaften<\/title>\n<meta name=\"robots\" content=\"index, follow, max-snippet:-1, max-image-preview:large, max-video-preview:-1\" \/>\n<link rel=\"canonical\" href=\"https:\/\/kmu-buergschaften.ch\/it\/impressum\/\" \/>\n<meta property=\"og:locale\" content=\"it_IT\" \/>\n<meta property=\"og:type\" content=\"article\" \/>\n<meta property=\"og:title\" content=\"Impressum - KMU B\u00fcrgschaften\" \/>\n<meta property=\"og:description\" content=\"B\u00fcrgschafts-Support AG c\/o Cautionnement romand Av. Louis-Ruchonnet 16 1003 Losanna\u00a0 E-mail: kontakt@buergschafts-support.ch Telefono: +41 (0) 58 255 05 50\u00a0 Ideazione e design: Farner Consulting AG Realizzazione: Farner Consulting AG\u00a0 Condizioni di utilizzo Copyright\u00a0 Il copyright di tutti i contenuti del presente sito web \u00e8 di propriet\u00e0 di\u00a0B\u00fcrgschaftSupport\u202fAG o di una delle quattro cooperative di fideiussione\u00a0Cautionnement\u202fromand, [&hellip;]\" \/>\n<meta property=\"og:url\" content=\"https:\/\/kmu-buergschaften.ch\/it\/impressum\/\" \/>\n<meta property=\"og:site_name\" content=\"KMU B\u00fcrgschaften\" \/>\n<meta property=\"article:modified_time\" content=\"2021-10-20T14:42:54+00:00\" \/>\n<meta name=\"twitter:card\" content=\"summary_large_image\" \/>\n<meta name=\"twitter:label1\" content=\"Tempo di lettura stimato\" \/>\n\t<meta name=\"twitter:data1\" content=\"2 minuti\" \/>\n<script type=\"application\/ld+json\" class=\"yoast-schema-graph\">{\"@context\":\"https:\/\/schema.org\",\"@graph\":[{\"@type\":\"WebPage\",\"@id\":\"https:\/\/kmu-buergschaften.ch\/it\/impressum\/\",\"url\":\"https:\/\/kmu-buergschaften.ch\/it\/impressum\/\",\"name\":\"Impressum - KMU B\u00fcrgschaften\",\"isPartOf\":{\"@id\":\"https:\/\/kmu-buergschaften.ch\/#website\"},\"datePublished\":\"2021-10-19T13:12:36+00:00\",\"dateModified\":\"2021-10-20T14:42:54+00:00\",\"breadcrumb\":{\"@id\":\"https:\/\/kmu-buergschaften.ch\/it\/impressum\/#breadcrumb\"},\"inLanguage\":\"it-IT\",\"potentialAction\":[{\"@type\":\"ReadAction\",\"target\":[\"https:\/\/kmu-buergschaften.ch\/it\/impressum\/\"]}]},{\"@type\":\"BreadcrumbList\",\"@id\":\"https:\/\/kmu-buergschaften.ch\/it\/impressum\/#breadcrumb\",\"itemListElement\":[{\"@type\":\"ListItem\",\"position\":1,\"name\":\"Home\",\"item\":\"https:\/\/kmu-buergschaften.ch\/it\/\"},{\"@type\":\"ListItem\",\"position\":2,\"name\":\"Impressum\"}]},{\"@type\":\"WebSite\",\"@id\":\"https:\/\/kmu-buergschaften.ch\/#website\",\"url\":\"https:\/\/kmu-buergschaften.ch\/\",\"name\":\"KMU B\u00fcrgschaften\",\"description\":\"\",\"potentialAction\":[{\"@type\":\"SearchAction\",\"target\":{\"@type\":\"EntryPoint\",\"urlTemplate\":\"https:\/\/kmu-buergschaften.ch\/?s={search_term_string}\"},\"query-input\":\"required name=search_term_string\"}],\"inLanguage\":\"it-IT\"}]}<\/script>\n<!-- \/ Yoast SEO plugin. -->","yoast_head_json":{"title":"Impressum - KMU B\u00fcrgschaften","robots":{"index":"index","follow":"follow","max-snippet":"max-snippet:-1","max-image-preview":"max-image-preview:large","max-video-preview":"max-video-preview:-1"},"canonical":"https:\/\/kmu-buergschaften.ch\/it\/impressum\/","og_locale":"it_IT","og_type":"article","og_title":"Impressum - KMU B\u00fcrgschaften","og_description":"B\u00fcrgschafts-Support AG c\/o Cautionnement romand Av. Louis-Ruchonnet 16 1003 Losanna\u00a0 E-mail: kontakt@buergschafts-support.ch Telefono: +41 (0) 58 255 05 50\u00a0 Ideazione e design: Farner Consulting AG Realizzazione: Farner Consulting AG\u00a0 Condizioni di utilizzo Copyright\u00a0 Il copyright di tutti i contenuti del presente sito web \u00e8 di propriet\u00e0 di\u00a0B\u00fcrgschaftSupport\u202fAG o di una delle quattro cooperative di fideiussione\u00a0Cautionnement\u202fromand, [&hellip;]","og_url":"https:\/\/kmu-buergschaften.ch\/it\/impressum\/","og_site_name":"KMU B\u00fcrgschaften","article_modified_time":"2021-10-20T14:42:54+00:00","twitter_card":"summary_large_image","twitter_misc":{"Tempo di lettura stimato":"2 minuti"},"schema":{"@context":"https:\/\/schema.org","@graph":[{"@type":"WebPage","@id":"https:\/\/kmu-buergschaften.ch\/it\/impressum\/","url":"https:\/\/kmu-buergschaften.ch\/it\/impressum\/","name":"Impressum - KMU B\u00fcrgschaften","isPartOf":{"@id":"https:\/\/kmu-buergschaften.ch\/#website"},"datePublished":"2021-10-19T13:12:36+00:00","dateModified":"2021-10-20T14:42:54+00:00","breadcrumb":{"@id":"https:\/\/kmu-buergschaften.ch\/it\/impressum\/#breadcrumb"},"inLanguage":"it-IT","potentialAction":[{"@type":"ReadAction","target":["https:\/\/kmu-buergschaften.ch\/it\/impressum\/"]}]},{"@type":"BreadcrumbList","@id":"https:\/\/kmu-buergschaften.ch\/it\/impressum\/#breadcrumb","itemListElement":[{"@type":"ListItem","position":1,"name":"Home","item":"https:\/\/kmu-buergschaften.ch\/it\/"},{"@type":"ListItem","position":2,"name":"Impressum"}]},{"@type":"WebSite","@id":"https:\/\/kmu-buergschaften.ch\/#website","url":"https:\/\/kmu-buergschaften.ch\/","name":"KMU B\u00fcrgschaften","description":"","potentialAction":[{"@type":"SearchAction","target":{"@type":"EntryPoint","urlTemplate":"https:\/\/kmu-buergschaften.ch\/?s={search_term_string}"},"query-input":"required name=search_term_string"}],"inLanguage":"it-IT"}]}},"_links":{"self":[{"href":"https:\/\/kmu-buergschaften.ch\/it\/wp-json\/wp\/v2\/pages\/796"}],"collection":[{"href":"https:\/\/kmu-buergschaften.ch\/it\/wp-json\/wp\/v2\/pages"}],"about":[{"href":"https:\/\/kmu-buergschaften.ch\/it\/wp-json\/wp\/v2\/types\/page"}],"author":[{"embeddable":true,"href":"https:\/\/kmu-buergschaften.ch\/it\/wp-json\/wp\/v2\/users\/1"}],"replies":[{"embeddable":true,"href":"https:\/\/kmu-buergschaften.ch\/it\/wp-json\/wp\/v2\/comments?post=796"}],"version-history":[{"count":2,"href":"https:\/\/kmu-buergschaften.ch\/it\/wp-json\/wp\/v2\/pages\/796\/revisions"}],"predecessor-version":[{"id":806,"href":"https:\/\/kmu-buergschaften.ch\/it\/wp-json\/wp\/v2\/pages\/796\/revisions\/806"}],"wp:attachment":[{"href":"https:\/\/kmu-buergschaften.ch\/it\/wp-json\/wp\/v2\/media?parent=796"}],"curies":[{"name":"wp","href":"https:\/\/api.w.org\/{rel}","templated":true}]}}